{"id":19338,"date":"2024-06-12T09:02:30","date_gmt":"2024-06-12T09:02:30","guid":{"rendered":"https:\/\/javalambrehotel.es\/?page_id=19338"},"modified":"2024-06-28T11:14:50","modified_gmt":"2024-06-28T11:14:50","slug":"dinopolis-copy","status":"publish","type":"page","link":"https:\/\/javalambrehotel.es\/?page_id=19338","title":{"rendered":"Pistas de esqui Javalambre"},"content":{"rendered":"<p>[et_pb_section fb_built=\u00bb1&#8243; custom_padding_last_edited=\u00bbon|tablet\u00bb _builder_version=\u00bb4.25.1&#8243; _module_preset=\u00bbdefault\u00bb background_image=\u00bbhttps:\/\/javalambrehotel.es\/wp-content\/uploads\/2024\/05\/Espectculo-Trex-Dinpolis-Teruel_b.jpg\u00bb custom_padding=\u00bb215px||68px||false|false\u00bb custom_padding_tablet=\u00bb150px||||false|false\u00bb custom_padding_phone=\u00bb150px||||false|false\u00bb custom_css_before=\u00bbcontent:\u00bb;||position: absolute;||width: 100%;||height: 100%;||left: 0px;||top: 0;||||background: var(&#8211;color2);||opacity: 0.5;\u00bb custom_css_main_element=\u00bbz-index:1;\u00bb custom_css_after=\u00bbcontent: \u00bb;||background-image: url(https:\/\/javalambrehotel.es\/wp-content\/uploads\/2023\/05\/Page-Inner-Header-Background.png);||position: absolute;||top: 133px;||right: 0;||left: 0;||bottom: 0;||background-size: 100% 100%;||background-position: top right;||width: 100%;||background-repeat: no-repeat;||z-index:-1;\u00bb locked=\u00bboff\u00bb global_colors_info=\u00bb{}\u00bb custom_css_before_last_edited=\u00bbon|phone\u00bb custom_css_after_last_edited=\u00bbon|phone\u00bb custom_css_after_phone=\u00bbdisplay:none;\u00bb custom_css_after_tablet=\u00bbdisplay:none;\u00bb custom_css_before_tablet=\u00bbcontent:\u00bb;||position: absolute;||width: 100%;||height: 100%;||left: 0px;||top: 0;||||background: var(&#8211;color2);||opacity: 0.5;\u00bb custom_css_before_phone=\u00bbcontent:\u00bb;||position: absolute;||width: 100%;||height: 100%;||left: 0px;||top: 0;||||background: var(&#8211;color2);||opacity: 0.5;\u00bb][et_pb_row _builder_version=\u00bb4.21.0&#8243; _module_preset=\u00bbdefault\u00bb width_tablet=\u00bb\u00bb width_phone=\u00bb90%\u00bb width_last_edited=\u00bbon|phone\u00bb custom_margin=\u00bb||||false|true\u00bb custom_margin_tablet=\u00bb||||false|true\u00bb custom_margin_phone=\u00bb||||false|true\u00bb custom_margin_last_edited=\u00bbon|phone\u00bb custom_padding=\u00bb0px||0px||true|false\u00bb custom_css_main_element=\u00bbwidth:max-content;margin: 0 auto !important;\u00bb global_colors_info=\u00bb{}\u00bb width__hover_enabled=\u00bbon|desktop\u00bb][et_pb_column type=\u00bb4_4&#8243; _builder_version=\u00bb4.19.0&#8243; _module_preset=\u00bbdefault\u00bb background_color=\u00bb#FFFFFF\u00bb custom_padding=\u00bb30px|15px|20px|15px|false|true\u00bb custom_padding_tablet=\u00bb30px|15px|20px|15px|false|true\u00bb custom_padding_phone=\u00bb20px|10px|20px|10px|true|true\u00bb custom_padding_last_edited=\u00bbon|phone\u00bb custom_css_main_element=\u00bbdisplay:flex;||justify-content:center;||align-items:center;||flex-wrap:wrap;\u00bb global_colors_info=\u00bb{}\u00bb][et_pb_button button_url=\u00bb@ET-DC@eyJkeW5hbWljIjp0cnVlLCJjb250ZW50IjoiaG9tZV91cmwiLCJzZXR0aW5ncyI6e319@\u00bb url_new_window=\u00bbon\u00bb button_text=\u00bbHome \u00bb _builder_version=\u00bb4.21.0&#8243; _dynamic_attributes=\u00bbbutton_url\u00bb _module_preset=\u00bbdefault\u00bb custom_button=\u00bbon\u00bb button_text_size=\u00bb16px\u00bb button_text_color=\u00bb#212121&#8243; button_bg_color=\u00bbRGBA(255,255,255,0)\u00bb button_border_width=\u00bb0px\u00bb button_border_radius=\u00bb0px\u00bb button_font=\u00bbInter||||||||\u00bb custom_margin=\u00bb||||false|false\u00bb custom_margin_tablet=\u00bb||||false|false\u00bb custom_margin_phone=\u00bb||0px||false|false\u00bb custom_margin_last_edited=\u00bbon|phone\u00bb custom_padding=\u00bb|12px||0px|false|false\u00bb custom_css_main_element=\u00bbfont-weight: 400;\u00bb custom_css_after=\u00bbcontent:\u00bb;||width:1px;||height:20px;||background:#212121;||position:absolute;right:0;||opacity:1 !important;||top:50%;||transform:translatey(-50%);\u00bb global_colors_info=\u00bb{}\u00bb][\/et_pb_button][et_pb_button button_url=\u00bb@ET-DC@eyJkeW5hbWljIjp0cnVlLCJjb250ZW50IjoicG9zdF9saW5rX3VybF9wYWdlIiwic2V0dGluZ3MiOnsicG9zdF9pZCI6IjE4NzI2In19@\u00bb url_new_window=\u00bbon\u00bb button_text=\u00bbEntorno\u00bb disabled_on=\u00bbon|off|off\u00bb _builder_version=\u00bb4.25.1&#8243; _dynamic_attributes=\u00bbbutton_url\u00bb _module_preset=\u00bbdefault\u00bb custom_button=\u00bbon\u00bb button_text_size=\u00bb16px\u00bb button_text_color=\u00bb#212121&#8243; button_bg_color=\u00bbRGBA(255,255,255,0)\u00bb button_border_width=\u00bb0px\u00bb button_border_radius=\u00bb0px\u00bb button_font=\u00bbInter||||||||\u00bb custom_margin=\u00bb||||false|false\u00bb custom_margin_tablet=\u00bb||||false|false\u00bb custom_margin_phone=\u00bb||0px||false|false\u00bb custom_margin_last_edited=\u00bbon|phone\u00bb custom_padding=\u00bb|12px||12px|false|true\u00bb custom_css_main_element=\u00bbfont-weight: 400;\u00bb custom_css_after=\u00bbcontent:\u00bb;||width:1px;||height:20px;||background:#212121;||position:absolute;right:0;||opacity:1 !important;||top:50%;||transform:translatey(-50%);\u00bb global_colors_info=\u00bb{}\u00bb][\/et_pb_button][et_pb_button button_url=\u00bb@ET-DC@eyJkeW5hbWljIjp0cnVlLCJjb250ZW50IjoicG9zdF9saW5rX3VybCIsInNldHRpbmdzIjp7fX0=@\u00bb button_text=\u00bb@ET-DC@eyJkeW5hbWljIjp0cnVlLCJjb250ZW50IjoicG9zdF90aXRsZSIsInNldHRpbmdzIjp7ImJlZm9yZSI6IiIsImFmdGVyIjoiIn19@\u00bb _builder_version=\u00bb4.21.0&#8243; _dynamic_attributes=\u00bbbutton_url,button_text\u00bb _module_preset=\u00bbdefault\u00bb custom_button=\u00bbon\u00bb button_text_size=\u00bb16px\u00bb button_text_color=\u00bb#212121&#8243; button_bg_color=\u00bbRGBA(255,255,255,0)\u00bb button_border_width=\u00bb0px\u00bb button_border_radius=\u00bb0px\u00bb button_font=\u00bbInter||||||||\u00bb button_use_icon=\u00bboff\u00bb custom_margin_tablet=\u00bb\u00bb custom_margin_phone=\u00bb||0px||false|false\u00bb custom_margin_last_edited=\u00bbon|phone\u00bb custom_padding=\u00bb|0px||12px|false|false\u00bb custom_css_main_element=\u00bbfont-weight: 400;\u00bb global_colors_info=\u00bb{}\u00bb][\/et_pb_button][et_pb_text _builder_version=\u00bb4.25.1&#8243; _dynamic_attributes=\u00bbcontent\u00bb _module_preset=\u00bbdefault\u00bb header_font=\u00bb|700|||||||\u00bb header_text_color=\u00bb#212121&#8243; header_font_size=\u00bb40px\u00bb header_line_height=\u00bb50px\u00bb text_orientation=\u00bbcenter\u00bb custom_margin=\u00bb||||false|false\u00bb header_font_size_tablet=\u00bb40px\u00bb header_font_size_phone=\u00bb28px\u00bb header_font_size_last_edited=\u00bbon|phone\u00bb custom_css_main_element=\u00bbwidth:100%;||\u00bb global_colors_info=\u00bb{}\u00bb]@ET-DC@eyJkeW5hbWljIjp0cnVlLCJjb250ZW50IjoicG9zdF90aXRsZSIsInNldHRpbmdzIjp7ImJlZm9yZSI6IjxoMT4iLCJhZnRlciI6IjwvaDE+In19@[\/et_pb_text][\/et_pb_column][\/et_pb_row][\/et_pb_section][et_pb_section fb_built=\u00bb1&#8243; _builder_version=\u00bb4.19.0&#8243; _module_preset=\u00bbdefault\u00bb global_colors_info=\u00bb{}\u00bb][et_pb_row column_structure=\u00bb2_5,3_5&#8243; use_custom_gutter=\u00bbon\u00bb gutter_width=\u00bb1&#8243; make_equal=\u00bbon\u00bb custom_padding_last_edited=\u00bbon|desktop\u00bb _builder_version=\u00bb4.25.1&#8243; _module_preset=\u00bbdefault\u00bb width=\u00bb90%\u00bb custom_padding=\u00bb0px||||false|false\u00bb custom_padding_tablet=\u00bb\u00bb custom_padding_phone=\u00bb0px||||false|false\u00bb global_colors_info=\u00bb{}\u00bb][et_pb_column type=\u00bb2_5&#8243; _builder_version=\u00bb4.25.1&#8243; _module_preset=\u00bbdefault\u00bb custom_padding=\u00bb|30px|||false|false\u00bb global_colors_info=\u00bb{}\u00bb][et_pb_image src=\u00bbhttps:\/\/javalambrehotel.es\/wp-content\/uploads\/2024\/06\/javalambre-esqui.jpg\u00bb title_text=\u00bbjavalambre esqui\u00bb force_fullwidth=\u00bbon\u00bb _builder_version=\u00bb4.25.1&#8243; _module_preset=\u00bbdefault\u00bb custom_margin=\u00bb|10px|||false|false\u00bb global_colors_info=\u00bb{}\u00bb][\/et_pb_image][\/et_pb_column][et_pb_column type=\u00bb3_5&#8243; _builder_version=\u00bb4.25.1&#8243; _module_preset=\u00bbdefault\u00bb custom_padding=\u00bb|||30px|false|false\u00bb global_colors_info=\u00bb{}\u00bb][et_pb_text _builder_version=\u00bb4.25.1&#8243; _module_preset=\u00bbdefault\u00bb global_colors_info=\u00bb{}\u00bb][\/et_pb_text][et_pb_blurb title=\u00bb@ET-DC@eyJkeW5hbWljIjp0cnVlLCJjb250ZW50IjoicG9zdF90aXRsZSIsInNldHRpbmdzIjp7ImJlZm9yZSI6IiIsImFmdGVyIjoiIn19@\u00bb alt=\u00bbReshort Image\u00bb content_max_width=\u00bb100%\u00bb _builder_version=\u00bb4.25.1&#8243; _dynamic_attributes=\u00bbtitle\u00bb _module_preset=\u00bbdefault\u00bb header_font=\u00bb|700|||||||\u00bb header_text_color=\u00bb#212121&#8243; header_font_size=\u00bb20px\u00bb header_line_height=\u00bb30px\u00bb body_line_height=\u00bb30px\u00bb custom_margin=\u00bb||30px|3px|false|false\u00bb custom_padding=\u00bb||1px||false|false\u00bb custom_css_main_element=\u00bbfont-weight: 400;\u00bb global_colors_info=\u00bb{}\u00bb]<\/p>\n<p>En la sierra de Javalambre, al sur de la provincia de Teruel y 25 minutios de nuestro hotel, se encuentra la estaci\u00f3n de esqu\u00ed Javalambre. Debe su nombre al pico Javalambre.<\/p>\n<p>Esta estaci\u00f3n tiene 15 kil\u00f3metros esquiables, distribuidos entre dieciocho pistas, de las cuales cinco son clasificadas como verdes, nueve azules y una roja, por lo que es un sitio ideal para quienes quieran iniciarse en este deporte, ya que la mayor\u00eda de las pistas son para esquiadores novatos o con poca experiencia.<\/p>\n<p>Adem\u00e1s, para aquellos que no quieran esquiar, la estaci\u00f3n tiene pistas para trineos, Snowypark para los m\u00e1s peque\u00f1os de la casa, as\u00ed como Funny tracks y zonas de habilidad pensadas especialmente para ellos.<\/p>\n<p>Para j\u00f3venes y adultos, tambi\u00e9n hay una zona para hacer freestyle.<\/p>\n<p>&nbsp;<\/p>\n<p>[\/et_pb_blurb][\/et_pb_column][\/et_pb_row][et_pb_row use_custom_gutter=\u00bbon\u00bb make_equal=\u00bbon\u00bb _builder_version=\u00bb4.19.0&#8243; _module_preset=\u00bbdefault\u00bb width=\u00bb90%\u00bb custom_padding=\u00bb10px||15px||false|false\u00bb global_colors_info=\u00bb{}\u00bb][et_pb_column type=\u00bb4_4&#8243; _builder_version=\u00bb4.19.0&#8243; _module_preset=\u00bbdefault\u00bb global_colors_info=\u00bb{}\u00bb][et_pb_text _builder_version=\u00bb4.25.1&#8243; _module_preset=\u00bbdefault\u00bb text_font=\u00bbJost|700|||||||\u00bb text_text_color=\u00bb#212121&#8243; text_font_size=\u00bb20px\u00bb header_4_font=\u00bb|700|||||||\u00bb header_4_text_color=\u00bb#212121&#8243; header_4_font_size=\u00bb24px\u00bb header_4_line_height=\u00bb30px\u00bb custom_margin=\u00bb||10px||false|false\u00bb global_colors_info=\u00bb{}\u00bb]<\/p>\n<p>Contacta con nosotros<\/p>\n<p>[\/et_pb_text][et_pb_text _builder_version=\u00bb4.25.1&#8243; _module_preset=\u00bbdefault\u00bb header_4_font=\u00bb|700|||||||\u00bb header_4_text_color=\u00bb#212121&#8243; header_4_font_size=\u00bb24px\u00bb header_4_line_height=\u00bb30px\u00bb custom_margin=\u00bb||10px||false|false\u00bb global_colors_info=\u00bb{}\u00bb]<\/p>\n<h4>INFORMACI\u00d3N Y CONTACTO<\/h4>\n<p>[\/et_pb_text][\/et_pb_column][\/et_pb_row][et_pb_row use_custom_gutter=\u00bbon\u00bb gutter_width=\u00bb1&#8243; make_equal=\u00bbon\u00bb _builder_version=\u00bb4.19.0&#8243; _module_preset=\u00bbdefault\u00bb width=\u00bb90%\u00bb custom_padding=\u00bb10px||0px||false|false\u00bb border_width_bottom=\u00bb1px\u00bb border_color_bottom=\u00bbrgba(0,41,89,0.2)\u00bb global_colors_info=\u00bb{}\u00bb][et_pb_column type=\u00bb4_4&#8243; _builder_version=\u00bb4.19.0&#8243; _module_preset=\u00bbdefault\u00bb custom_css_main_element=\u00bbmargin-bottom: 0 !important;||display:flex;||align-items:center;\u00bb global_colors_info=\u00bb{}\u00bb custom_css_main_element_last_edited=\u00bbon|phone\u00bb custom_css_main_element_phone=\u00bbmargin-bottom: 0 !important;||display:block;\u00bb custom_css_main_element_tablet=\u00bbmargin-bottom: 0 !important;||display:flex;||align-items:center;\u00bb][et_pb_blurb title=\u00bbWeb\u00bb url=\u00bbhttps:\/\/www.javalambre-valdelinares.com\/horarios-javalambre-valdelinares.html\u00bb url_new_window=\u00bbon\u00bb image=\u00bbhttps:\/\/javalambrehotel.es\/wp-content\/uploads\/2023\/05\/Recheck-Icon.png\u00bb content_max_width=\u00bb100%\u00bb module_class=\u00bbroom_blurb\u00bb _builder_version=\u00bb4.25.1&#8243; _module_preset=\u00bbdefault\u00bb header_font=\u00bbPoppins||||||||\u00bb custom_margin=\u00bb||5px||false|false\u00bb animation=\u00bboff\u00bb link_option_url=\u00bbhttps:\/\/www.javalambre-valdelinares.com\/horarios-javalambre-valdelinares.html\u00bb custom_css_blurb_title=\u00bbfont-weight: 400;||color:var(&#8211;color2);||\u00bb global_colors_info=\u00bb{}\u00bb][\/et_pb_blurb][\/et_pb_column][\/et_pb_row][et_pb_row use_custom_gutter=\u00bbon\u00bb make_equal=\u00bbon\u00bb _builder_version=\u00bb4.19.0&#8243; _module_preset=\u00bbdefault\u00bb width=\u00bb90%\u00bb custom_padding=\u00bb||15px||false|false\u00bb global_colors_info=\u00bb{}\u00bb][et_pb_column type=\u00bb4_4&#8243; _builder_version=\u00bb4.19.0&#8243; _module_preset=\u00bbdefault\u00bb global_colors_info=\u00bb{}\u00bb][et_pb_text _builder_version=\u00bb4.19.0&#8243; _module_preset=\u00bbdefault\u00bb header_4_font=\u00bb|700|||||||\u00bb header_4_text_color=\u00bb#212121&#8243; header_4_font_size=\u00bb24px\u00bb header_4_line_height=\u00bb30px\u00bb custom_margin=\u00bb||10px||false|false\u00bb global_colors_info=\u00bb{}\u00bb]<\/p>\n<h4>HORARIO DE APERTURA<\/h4>\n<p>&nbsp;<\/p>\n<p>[\/et_pb_text][et_pb_text _builder_version=\u00bb4.25.1&#8243; _module_preset=\u00bbdefault\u00bb text_font=\u00bbJost|700|||||||\u00bb text_text_color=\u00bb#212121&#8243; text_font_size=\u00bb20px\u00bb header_4_font=\u00bb|700|||||||\u00bb header_4_text_color=\u00bb#212121&#8243; header_4_font_size=\u00bb24px\u00bb header_4_line_height=\u00bb30px\u00bb custom_margin=\u00bb||10px||false|false\u00bb global_colors_info=\u00bb{}\u00bb]<\/p>\n<p>De lunes a domingo<\/p>\n<p>[\/et_pb_text][\/et_pb_column][\/et_pb_row][et_pb_row use_custom_gutter=\u00bbon\u00bb gutter_width=\u00bb1&#8243; make_equal=\u00bbon\u00bb _builder_version=\u00bb4.19.0&#8243; _module_preset=\u00bbdefault\u00bb width=\u00bb90%\u00bb custom_padding=\u00bb10px||0px||false|false\u00bb border_width_bottom=\u00bb1px\u00bb border_color_bottom=\u00bbrgba(0,41,89,0.2)\u00bb global_colors_info=\u00bb{}\u00bb][et_pb_column type=\u00bb4_4&#8243; _builder_version=\u00bb4.19.0&#8243; _module_preset=\u00bbdefault\u00bb custom_css_main_element=\u00bbmargin-bottom: 0 !important;||display:flex;||align-items:center;||\u00bb global_colors_info=\u00bb{}\u00bb custom_css_main_element_last_edited=\u00bbon|phone\u00bb custom_css_main_element_phone=\u00bbmargin-bottom: 0 !important;||display:block;\u00bb custom_css_main_element_tablet=\u00bbmargin-bottom: 0 !important;||display:flex;||align-items:center;||\u00bb][et_pb_blurb title=\u00bbDe 9h a 20h\u00bb image=\u00bbhttps:\/\/javalambrehotel.es\/wp-content\/uploads\/2023\/05\/Recheck-Icon.png\u00bb content_max_width=\u00bb100%\u00bb module_class=\u00bbroom_blurb\u00bb _builder_version=\u00bb4.25.1&#8243; _module_preset=\u00bbdefault\u00bb header_font=\u00bbPoppins||||||||\u00bb custom_margin=\u00bb|30px|5px||false|false\u00bb animation=\u00bboff\u00bb custom_css_blurb_title=\u00bbfont-weight: 400;||color:var(&#8211;color2);||\u00bb global_colors_info=\u00bb{}\u00bb][\/et_pb_blurb][\/et_pb_column][\/et_pb_row][\/et_pb_section][et_pb_section fb_built=\u00bb1&#8243; _builder_version=\u00bb4.19.0&#8243; _module_preset=\u00bbdefault\u00bb custom_padding=\u00bb0px||||false|false\u00bb global_colors_info=\u00bb{}\u00bb][et_pb_row use_custom_gutter=\u00bbon\u00bb make_equal=\u00bbon\u00bb custom_padding_last_edited=\u00bbon|phone\u00bb _builder_version=\u00bb4.19.0&#8243; _module_preset=\u00bbdefault\u00bb width=\u00bb90%\u00bb custom_padding=\u00bb0px|||||\u00bb custom_padding_tablet=\u00bb0px|||||\u00bb custom_padding_phone=\u00bb0px||15px||false|false\u00bb locked=\u00bboff\u00bb global_colors_info=\u00bb{}\u00bb][et_pb_column type=\u00bb4_4&#8243; _builder_version=\u00bb4.19.0&#8243; _module_preset=\u00bbdefault\u00bb global_colors_info=\u00bb{}\u00bb][et_pb_text _builder_version=\u00bb4.25.1&#8243; _module_preset=\u00bbdefault\u00bb text_text_color=\u00bb#212121&#8243; text_font_size=\u00bb20px\u00bb custom_margin=\u00bb||15px||false|false\u00bb custom_padding=\u00bb|||60px|false|false\u00bb text_font_size_tablet=\u00bb20px\u00bb text_font_size_phone=\u00bb16px\u00bb text_font_size_last_edited=\u00bbon|phone\u00bb text_orientation_tablet=\u00bbcenter\u00bb text_orientation_phone=\u00bbleft\u00bb text_orientation_last_edited=\u00bboff|desktop\u00bb custom_css_before=\u00bbcontent:\u00bb;||position: absolute;||width: 5px;||height: 5px;||left: 0;||top: 50%;||transform:translatey(-50%);||background: var(&#8211;color1);||border-radius: 100px;\u00bb custom_css_main_element=\u00bbfont-weight: 400;||position:relative;||width:fit-content;\u00bb custom_css_after=\u00bbcontent:\u00bb;||position: absolute;||width: 35px;||height: 3px;||left: 10px;||top: 50%;||transform:translatey(-50%);||background: var(&#8211;color1);||border-radius: 100px;\u00bb locked=\u00bboff\u00bb global_colors_info=\u00bb{}\u00bb]<\/p>\n<p>Photo Gallery<\/p>\n<p>[\/et_pb_text][et_pb_text _builder_version=\u00bb4.25.1&#8243; _module_preset=\u00bbdefault\u00bb header_3_font=\u00bb|700|||||||\u00bb header_3_text_color=\u00bb#212121&#8243; header_3_font_size=\u00bb40px\u00bb header_3_line_height=\u00bb50px\u00bb custom_margin=\u00bb||10px||false|false\u00bb header_font_size_tablet=\u00bb\u00bb header_font_size_phone=\u00bb\u00bb header_font_size_last_edited=\u00bbon|phone\u00bb header_3_font_size_tablet=\u00bb40px\u00bb header_3_font_size_phone=\u00bb27px\u00bb header_3_font_size_last_edited=\u00bbon|phone\u00bb header_3_line_height_tablet=\u00bb50px\u00bb header_3_line_height_phone=\u00bb40px\u00bb header_3_line_height_last_edited=\u00bbon|phone\u00bb global_colors_info=\u00bb{}\u00bb]<\/p>\n<h3>Fotos de la estaci\u00f3n de esqu\u00ed de Javalambre<\/h3>\n<p>[\/et_pb_text][\/et_pb_column][\/et_pb_row][et_pb_row column_structure=\u00bb1_2,1_2&#8243; use_custom_gutter=\u00bbon\u00bb make_equal=\u00bbon\u00bb _builder_version=\u00bb4.25.1&#8243; _module_preset=\u00bbdefault\u00bb width=\u00bb90%\u00bb custom_padding=\u00bb0px||||false|false\u00bb global_colors_info=\u00bb{}\u00bb][et_pb_column type=\u00bb1_2&#8243; _builder_version=\u00bb4.19.0&#8243; _module_preset=\u00bbdefault\u00bb global_colors_info=\u00bb{}\u00bb][et_pb_blurb url=\u00bb#\u00bb image=\u00bbhttps:\/\/javalambrehotel.es\/wp-content\/uploads\/2024\/06\/javalambre-3.jpg\u00bb content_max_width=\u00bb100%\u00bb module_class=\u00bbroom_gly active\u00bb _builder_version=\u00bb4.25.1&#8243; _module_preset=\u00bbdefault\u00bb header_font=\u00bb|700|||||||\u00bb header_font_size=\u00bb20px\u00bb animation=\u00bboff\u00bb link_option_url=\u00bb#\u00bb hover_enabled=\u00bb0&#8243; custom_css_blurb_title=\u00bbcolor:var(&#8211;color2);||\u00bb global_colors_info=\u00bb{}\u00bb sticky_enabled=\u00bb0&#8243;][\/et_pb_blurb][\/et_pb_column][et_pb_column type=\u00bb1_2&#8243; _builder_version=\u00bb4.19.0&#8243; _module_preset=\u00bbdefault\u00bb global_colors_info=\u00bb{}\u00bb][et_pb_blurb url=\u00bb#\u00bb image=\u00bbhttps:\/\/javalambrehotel.es\/wp-content\/uploads\/2024\/06\/javalambre4.jpg\u00bb content_max_width=\u00bb100%\u00bb module_class=\u00bbroom_gly\u00bb _builder_version=\u00bb4.25.1&#8243; _module_preset=\u00bbdefault\u00bb header_font=\u00bb|700|||||||\u00bb header_font_size=\u00bb20px\u00bb animation=\u00bboff\u00bb link_option_url=\u00bb#\u00bb hover_enabled=\u00bb0&#8243; custom_css_blurb_title=\u00bbcolor:var(&#8211;color2);||\u00bb global_colors_info=\u00bb{}\u00bb sticky_enabled=\u00bb0&#8243;][\/et_pb_blurb][\/et_pb_column][\/et_pb_row][\/et_pb_section]<\/p>\n","protected":false},"excerpt":{"rendered":"<p>En la sierra de Javalambre, al sur de la provincia de Teruel y 25 minutios de nuestro hotel, se encuentra la estaci\u00f3n de esqu\u00ed Javalambre. Debe su nombre al pico Javalambre. Esta estaci\u00f3n tiene 15 kil\u00f3metros esquiables, distribuidos entre dieciocho pistas, de las cuales cinco son clasificadas como verdes, nueve azules y una roja, por [&hellip;]<\/p>\n","protected":false},"author":1,"featured_media":0,"parent":19015,"menu_order":6,"comment_status":"closed","ping_status":"closed","template":"","meta":{"_et_pb_use_builder":"on","_et_pb_old_content":"","_et_gb_content_width":"","footnotes":""},"class_list":["post-19338","page","type-page","status-publish","hentry"],"_links":{"self":[{"href":"https:\/\/javalambrehotel.es\/index.php?rest_route=\/wp\/v2\/pages\/19338","targetHints":{"allow":["GET"]}}],"collection":[{"href":"https:\/\/javalambrehotel.es\/index.php?rest_route=\/wp\/v2\/pages"}],"about":[{"href":"https:\/\/javalambrehotel.es\/index.php?rest_route=\/wp\/v2\/types\/page"}],"author":[{"embeddable":true,"href":"https:\/\/javalambrehotel.es\/index.php?rest_route=\/wp\/v2\/users\/1"}],"replies":[{"embeddable":true,"href":"https:\/\/javalambrehotel.es\/index.php?rest_route=%2Fwp%2Fv2%2Fcomments&post=19338"}],"version-history":[{"count":12,"href":"https:\/\/javalambrehotel.es\/index.php?rest_route=\/wp\/v2\/pages\/19338\/revisions"}],"predecessor-version":[{"id":19491,"href":"https:\/\/javalambrehotel.es\/index.php?rest_route=\/wp\/v2\/pages\/19338\/revisions\/19491"}],"up":[{"embeddable":true,"href":"https:\/\/javalambrehotel.es\/index.php?rest_route=\/wp\/v2\/pages\/19015"}],"wp:attachment":[{"href":"https:\/\/javalambrehotel.es\/index.php?rest_route=%2Fwp%2Fv2%2Fmedia&parent=19338"}],"curies":[{"name":"wp","href":"https:\/\/api.w.org\/{rel}","templated":true}]}}