{"id":19015,"date":"2024-05-29T11:49:56","date_gmt":"2024-05-29T11:49:56","guid":{"rendered":"https:\/\/javalambrehotel.es\/?page_id=19015"},"modified":"2024-06-12T10:04:25","modified_gmt":"2024-06-12T10:04:25","slug":"entorno","status":"publish","type":"page","link":"https:\/\/javalambrehotel.es\/?page_id=19015","title":{"rendered":"Entorno"},"content":{"rendered":"<p>[et_pb_section fb_built=\u00bb1&#8243; custom_padding_last_edited=\u00bbon|tablet\u00bb _builder_version=\u00bb4.25.1&#8243; _module_preset=\u00bbdefault\u00bb background_image=\u00bbhttps:\/\/javalambrehotel.es\/wp-content\/uploads\/2024\/06\/Galactica-Arcos-de-las-Salinas-Teruel.jpg\u00bb custom_padding=\u00bb215px||68px||false|false\u00bb custom_padding_tablet=\u00bb150px||||false|false\u00bb custom_padding_phone=\u00bb150px||||false|false\u00bb hover_enabled=\u00bb0&#8243; custom_css_before=\u00bbcontent:\u00bb;||position: absolute;||width: 100%;||height: 100%;||left: 0px;||top: 0;||||background: var(&#8211;color2);||opacity: 0.5;\u00bb custom_css_main_element=\u00bbz-index:1;\u00bb custom_css_after=\u00bbcontent: \u00bb;||background-image: url(https:\/\/javalambrehotel.es\/wp-content\/uploads\/2023\/05\/Page-Inner-Header-Background.png);||position: absolute;||top: 133px;||right: 0;||left: 0;||bottom: 0;||background-size: 100% 100%;||background-position: top right;||width: 100%;||background-repeat: no-repeat;||z-index:-1;\u00bb locked=\u00bboff\u00bb global_colors_info=\u00bb{}\u00bb custom_css_before_last_edited=\u00bbon|phone\u00bb custom_css_after_last_edited=\u00bbon|phone\u00bb custom_css_after_phone=\u00bbdisplay:none;\u00bb custom_css_after_tablet=\u00bbdisplay:none;\u00bb custom_css_before_tablet=\u00bbcontent:\u00bb;||position: absolute;||width: 100%;||height: 100%;||left: 0px;||top: 0;||||background: var(&#8211;color2);||opacity: 0.5;\u00bb custom_css_before_phone=\u00bbcontent:\u00bb;||position: absolute;||width: 100%;||height: 100%;||left: 0px;||top: 0;||||background: var(&#8211;color2);||opacity: 0.5;\u00bb title_text=\u00bbGalactica-Arcos-de-las-Salinas-Teruel\u00bb sticky_enabled=\u00bb0&#8243;][et_pb_row _builder_version=\u00bb4.21.0&#8243; _module_preset=\u00bbdefault\u00bb width_tablet=\u00bb\u00bb width_phone=\u00bb90%\u00bb width_last_edited=\u00bbon|phone\u00bb custom_margin=\u00bb||||false|true\u00bb custom_margin_tablet=\u00bb||||false|true\u00bb custom_margin_phone=\u00bb||||false|true\u00bb custom_margin_last_edited=\u00bbon|phone\u00bb custom_padding=\u00bb0px||0px||true|false\u00bb custom_css_main_element=\u00bbwidth:max-content;margin: 0 auto !important;\u00bb global_colors_info=\u00bb{}\u00bb width__hover_enabled=\u00bbon|desktop\u00bb][et_pb_column type=\u00bb4_4&#8243; _builder_version=\u00bb4.19.0&#8243; _module_preset=\u00bbdefault\u00bb background_color=\u00bb#FFFFFF\u00bb custom_padding=\u00bb30px|15px|20px|15px|false|true\u00bb custom_padding_tablet=\u00bb30px|15px|20px|15px|false|true\u00bb custom_padding_phone=\u00bb20px|10px|20px|10px|true|true\u00bb custom_padding_last_edited=\u00bbon|phone\u00bb custom_css_main_element=\u00bbdisplay:flex;||justify-content:center;||align-items:center;||flex-wrap:wrap;\u00bb global_colors_info=\u00bb{}\u00bb][et_pb_button button_url=\u00bb@ET-DC@eyJkeW5hbWljIjp0cnVlLCJjb250ZW50IjoiaG9tZV91cmwiLCJzZXR0aW5ncyI6e319@\u00bb url_new_window=\u00bbon\u00bb button_text=\u00bbHome \u00bb _builder_version=\u00bb4.21.0&#8243; _dynamic_attributes=\u00bbbutton_url\u00bb _module_preset=\u00bbdefault\u00bb custom_button=\u00bbon\u00bb button_text_size=\u00bb16px\u00bb button_text_color=\u00bb#212121&#8243; button_bg_color=\u00bbRGBA(255,255,255,0)\u00bb button_border_width=\u00bb0px\u00bb button_border_radius=\u00bb0px\u00bb button_font=\u00bbInter||||||||\u00bb custom_margin=\u00bb||||false|false\u00bb custom_margin_tablet=\u00bb||||false|false\u00bb custom_margin_phone=\u00bb||0px||false|false\u00bb custom_margin_last_edited=\u00bbon|phone\u00bb custom_padding=\u00bb|12px||0px|false|false\u00bb custom_css_main_element=\u00bbfont-weight: 400;\u00bb custom_css_after=\u00bbcontent:\u00bb;||width:1px;||height:20px;||background:#212121;||position:absolute;right:0;||opacity:1 !important;||top:50%;||transform:translatey(-50%);\u00bb global_colors_info=\u00bb{}\u00bb][\/et_pb_button][et_pb_button button_url=\u00bb@ET-DC@eyJkeW5hbWljIjp0cnVlLCJjb250ZW50IjoicG9zdF9saW5rX3VybCIsInNldHRpbmdzIjp7fX0=@\u00bb button_text=\u00bbEntorno\u00bb _builder_version=\u00bb4.25.1&#8243; _dynamic_attributes=\u00bbbutton_url\u00bb _module_preset=\u00bbdefault\u00bb custom_button=\u00bbon\u00bb button_text_size=\u00bb16px\u00bb button_text_color=\u00bb#212121&#8243; button_bg_color=\u00bbRGBA(255,255,255,0)\u00bb button_border_width=\u00bb0px\u00bb button_border_radius=\u00bb0px\u00bb button_font=\u00bbInter||||||||\u00bb button_use_icon=\u00bboff\u00bb custom_margin_tablet=\u00bb\u00bb custom_margin_phone=\u00bb||0px||false|false\u00bb custom_margin_last_edited=\u00bbon|phone\u00bb custom_padding=\u00bb|0px||12px|false|false\u00bb custom_css_main_element=\u00bbfont-weight: 400;\u00bb global_colors_info=\u00bb{}\u00bb][\/et_pb_button][et_pb_text _builder_version=\u00bb4.21.0&#8243; _module_preset=\u00bbdefault\u00bb header_font=\u00bb|700|||||||\u00bb header_text_color=\u00bb#212121&#8243; header_font_size=\u00bb40px\u00bb header_line_height=\u00bb50px\u00bb text_orientation=\u00bbcenter\u00bb custom_margin=\u00bb||||false|false\u00bb header_font_size_tablet=\u00bb40px\u00bb header_font_size_phone=\u00bb28px\u00bb header_font_size_last_edited=\u00bbon|phone\u00bb custom_css_main_element=\u00bbwidth:100%;||\u00bb global_colors_info=\u00bb{}\u00bb]<\/p>\n<h1>Entorno del Hotel<\/h1>\n<p>[\/et_pb_text][\/et_pb_column][\/et_pb_row][\/et_pb_section][et_pb_section fb_built=\u00bb1&#8243; _builder_version=\u00bb4.19.0&#8243; _module_preset=\u00bbdefault\u00bb global_colors_info=\u00bb{}\u00bb][et_pb_row column_structure=\u00bb1_3,1_3,1_3&#8243; use_custom_gutter=\u00bbon\u00bb make_equal=\u00bbon\u00bb _builder_version=\u00bb4.19.0&#8243; _module_preset=\u00bbdefault\u00bb width=\u00bb90%\u00bb global_colors_info=\u00bb{}\u00bb][et_pb_column type=\u00bb1_3&#8243; _builder_version=\u00bb4.19.0&#8243; _module_preset=\u00bbdefault\u00bb global_colors_info=\u00bb{}\u00bb][et_pb_blurb title=\u00bbDin\u00f3polis Teruel\u00bb url=\u00bb@ET-DC@eyJkeW5hbWljIjp0cnVlLCJjb250ZW50IjoicG9zdF9saW5rX3VybF9wYWdlIiwic2V0dGluZ3MiOnsicG9zdF9pZCI6IjE5MDE4In19@\u00bb image=\u00bbhttps:\/\/javalambrehotel.es\/wp-content\/uploads\/2024\/05\/dinopolis-teruel-2-2022.jpg\u00bb content_max_width=\u00bb100%\u00bb module_class=\u00bbhotel_faciliti\u00bb _builder_version=\u00bb4.25.1&#8243; _dynamic_attributes=\u00bburl\u00bb _module_preset=\u00bbdefault\u00bb header_font=\u00bb|700|||||||\u00bb header_font_size=\u00bb24px\u00bb header_line_height=\u00bb30px\u00bb body_text_color=\u00bb#212121&#8243; text_orientation=\u00bbcenter\u00bb animation=\u00bboff\u00bb link_option_url=\u00bb#\u00bb custom_css_main_element=\u00bbfont-weight: 400;\u00bb custom_css_blurb_title=\u00bbcolor:var(&#8211;color2);\u00bb global_colors_info=\u00bb{}\u00bb]<\/p>\n<p>Parque tem\u00e1tico de Dinosaurios<\/p>\n<p>[\/et_pb_blurb][\/et_pb_column][et_pb_column type=\u00bb1_3&#8243; _builder_version=\u00bb4.19.0&#8243; _module_preset=\u00bbdefault\u00bb global_colors_info=\u00bb{}\u00bb][et_pb_blurb title=\u00bbJavalambre \u00bb url=\u00bb#\u00bb image=\u00bbhttps:\/\/javalambrehotel.es\/wp-content\/uploads\/2024\/06\/javalambre-esqui.jpg\u00bb content_max_width=\u00bb100%\u00bb module_class=\u00bbhotel_faciliti\u00bb _builder_version=\u00bb4.25.1&#8243; _module_preset=\u00bbdefault\u00bb header_font=\u00bb|700|||||||\u00bb header_font_size=\u00bb24px\u00bb header_line_height=\u00bb30px\u00bb body_text_color=\u00bb#212121&#8243; text_orientation=\u00bbcenter\u00bb animation=\u00bboff\u00bb link_option_url=\u00bb#\u00bb custom_css_main_element=\u00bbfont-weight: 400;\u00bb custom_css_blurb_title=\u00bbcolor:var(&#8211;color2);\u00bb global_colors_info=\u00bb{}\u00bb]<\/p>\n<p>Pistas de esqui y snow<\/p>\n<p>[\/et_pb_blurb][\/et_pb_column][et_pb_column type=\u00bb1_3&#8243; _builder_version=\u00bb4.19.0&#8243; _module_preset=\u00bbdefault\u00bb global_colors_info=\u00bb{}\u00bb][et_pb_blurb title=\u00bbTeruel\u00bb url=\u00bb#\u00bb image=\u00bbhttps:\/\/javalambrehotel.es\/wp-content\/uploads\/2024\/06\/teruel_.jpg\u00bb content_max_width=\u00bb100%\u00bb module_class=\u00bbhotel_faciliti\u00bb _builder_version=\u00bb4.25.1&#8243; _module_preset=\u00bbdefault\u00bb header_font=\u00bb|700|||||||\u00bb header_font_size=\u00bb24px\u00bb header_line_height=\u00bb30px\u00bb body_text_color=\u00bb#212121&#8243; text_orientation=\u00bbcenter\u00bb animation=\u00bboff\u00bb link_option_url=\u00bb#\u00bb custom_css_main_element=\u00bbfont-weight: 400;\u00bb custom_css_blurb_title=\u00bbcolor:var(&#8211;color2);\u00bb global_colors_info=\u00bb{}\u00bb]<\/p>\n<p>Arquitectura mud\u00e9jar<\/p>\n<p>[\/et_pb_blurb][\/et_pb_column][\/et_pb_row][et_pb_row column_structure=\u00bb1_3,1_3,1_3&#8243; use_custom_gutter=\u00bbon\u00bb make_equal=\u00bbon\u00bb _builder_version=\u00bb4.19.0&#8243; _module_preset=\u00bbdefault\u00bb width=\u00bb90%\u00bb custom_padding=\u00bb20px||||false|false\u00bb global_colors_info=\u00bb{}\u00bb][et_pb_column type=\u00bb1_3&#8243; _builder_version=\u00bb4.19.0&#8243; _module_preset=\u00bbdefault\u00bb global_colors_info=\u00bb{}\u00bb][et_pb_blurb title=\u00bbMora de Rubielos\u00bb url=\u00bb#\u00bb image=\u00bbhttps:\/\/javalambrehotel.es\/wp-content\/uploads\/2024\/06\/AYTO-MORA-AYUNTAMIENTO-servicios-02.jpg\u00bb content_max_width=\u00bb100%\u00bb module_class=\u00bbhotel_faciliti\u00bb _builder_version=\u00bb4.25.1&#8243; _module_preset=\u00bbdefault\u00bb header_font=\u00bb|700|||||||\u00bb header_font_size=\u00bb24px\u00bb header_line_height=\u00bb30px\u00bb body_text_color=\u00bb#212121&#8243; text_orientation=\u00bbcenter\u00bb animation=\u00bboff\u00bb link_option_url=\u00bb#\u00bb custom_css_main_element=\u00bbfont-weight: 400;\u00bb custom_css_blurb_title=\u00bbcolor:var(&#8211;color2);\u00bb global_colors_info=\u00bb{}\u00bb]<\/p>\n<p>Conjunto Hist\u00f3rico-Art\u00edstico<\/p>\n<p>[\/et_pb_blurb][\/et_pb_column][et_pb_column type=\u00bb1_3&#8243; _builder_version=\u00bb4.19.0&#8243; _module_preset=\u00bbdefault\u00bb global_colors_info=\u00bb{}\u00bb][et_pb_blurb title=\u00bbGalactica\u00bb url=\u00bb#\u00bb image=\u00bbhttps:\/\/javalambrehotel.es\/wp-content\/uploads\/2024\/06\/galactica.png\u00bb content_max_width=\u00bb100%\u00bb module_class=\u00bbhotel_faciliti\u00bb _builder_version=\u00bb4.25.1&#8243; _module_preset=\u00bbdefault\u00bb header_font=\u00bb|700|||||||\u00bb header_font_size=\u00bb24px\u00bb header_line_height=\u00bb30px\u00bb body_text_color=\u00bb#212121&#8243; text_orientation=\u00bbcenter\u00bb animation=\u00bboff\u00bb link_option_url=\u00bb#\u00bb custom_css_main_element=\u00bbfont-weight: 400;\u00bb custom_css_blurb_title=\u00bbcolor:var(&#8211;color2);\u00bb global_colors_info=\u00bb{}\u00bb]<\/p>\n<h3 class=\"LC20lb MBeuO DKV0Md\">Centro de\u00a0 Astronom\u00eda<\/h3>\n<p>[\/et_pb_blurb][\/et_pb_column][et_pb_column type=\u00bb1_3&#8243; _builder_version=\u00bb4.19.0&#8243; _module_preset=\u00bbdefault\u00bb global_colors_info=\u00bb{}\u00bb][et_pb_blurb title=\u00bbRubielos de Mora\u00bb url=\u00bb#\u00bb image=\u00bbhttps:\/\/javalambrehotel.es\/wp-content\/uploads\/2024\/06\/rubielos.jpg\u00bb content_max_width=\u00bb100%\u00bb module_class=\u00bbhotel_faciliti\u00bb _builder_version=\u00bb4.25.1&#8243; _module_preset=\u00bbdefault\u00bb header_font=\u00bb|700|||||||\u00bb header_font_size=\u00bb24px\u00bb header_line_height=\u00bb30px\u00bb body_text_color=\u00bb#212121&#8243; text_orientation=\u00bbcenter\u00bb animation=\u00bboff\u00bb link_option_url=\u00bb#\u00bb custom_css_main_element=\u00bbfont-weight: 400;\u00bb custom_css_blurb_title=\u00bbcolor:var(&#8211;color2);\u00bb global_colors_info=\u00bb{}\u00bb]<\/p>\n<p>Pueblo m\u00e1s bonito de Espa\u00f1a<\/p>\n<p>[\/et_pb_blurb][\/et_pb_column][\/et_pb_row][\/et_pb_section]<\/p>\n","protected":false},"excerpt":{"rendered":"<p>Entorno del HotelParque tem\u00e1tico de DinosauriosPistas de esqui y snowArquitectura mud\u00e9jarConjunto Hist\u00f3rico-Art\u00edsticoCentro de\u00a0 Astronom\u00edaPueblo m\u00e1s bonito de Espa\u00f1a<\/p>\n","protected":false},"author":1,"featured_media":0,"parent":0,"menu_order":8,"comment_status":"closed","ping_status":"closed","template":"","meta":{"_et_pb_use_builder":"on","_et_pb_old_content":"","_et_gb_content_width":"","footnotes":""},"class_list":["post-19015","page","type-page","status-publish","hentry"],"_links":{"self":[{"href":"https:\/\/javalambrehotel.es\/index.php?rest_route=\/wp\/v2\/pages\/19015","targetHints":{"allow":["GET"]}}],"collection":[{"href":"https:\/\/javalambrehotel.es\/index.php?rest_route=\/wp\/v2\/pages"}],"about":[{"href":"https:\/\/javalambrehotel.es\/index.php?rest_route=\/wp\/v2\/types\/page"}],"author":[{"embeddable":true,"href":"https:\/\/javalambrehotel.es\/index.php?rest_route=\/wp\/v2\/users\/1"}],"replies":[{"embeddable":true,"href":"https:\/\/javalambrehotel.es\/index.php?rest_route=%2Fwp%2Fv2%2Fcomments&post=19015"}],"version-history":[{"count":9,"href":"https:\/\/javalambrehotel.es\/index.php?rest_route=\/wp\/v2\/pages\/19015\/revisions"}],"predecessor-version":[{"id":19366,"href":"https:\/\/javalambrehotel.es\/index.php?rest_route=\/wp\/v2\/pages\/19015\/revisions\/19366"}],"wp:attachment":[{"href":"https:\/\/javalambrehotel.es\/index.php?rest_route=%2Fwp%2Fv2%2Fmedia&parent=19015"}],"curies":[{"name":"wp","href":"https:\/\/api.w.org\/{rel}","templated":true}]}}