{"id":12,"date":"2023-04-19T05:41:01","date_gmt":"2023-04-19T05:41:01","guid":{"rendered":"http:\/\/localhost\/DIVI-BUNDLE\/THEME-DEVELOPMENT\/HOTEL\/?page_id=12"},"modified":"2024-06-26T15:46:04","modified_gmt":"2024-06-26T15:46:04","slug":"habitaciones","status":"publish","type":"page","link":"https:\/\/javalambrehotel.es\/?page_id=12","title":{"rendered":"Habitaciones"},"content":{"rendered":"<p>[et_pb_section fb_built=\u00bb1&#8243; custom_padding_last_edited=\u00bbon|tablet\u00bb _builder_version=\u00bb4.25.1&#8243; _module_preset=\u00bbdefault\u00bb background_image=\u00bbhttps:\/\/javalambrehotel.es\/wp-content\/uploads\/2024\/06\/fachada-1.jpg\u00bb custom_padding=\u00bb215px||68px||false|false\u00bb custom_padding_tablet=\u00bb150px||||false|false\u00bb custom_padding_phone=\u00bb150px||||false|false\u00bb custom_css_before=\u00bbcontent:\u00bb;||position: absolute;||width: 100%;||height: 100%;||left: 0px;||top: 0;||||background: var(&#8211;color2);||opacity: 0.5;\u00bb custom_css_main_element=\u00bbz-index:1;\u00bb custom_css_after=\u00bbcontent: \u00bb;||background-image: url(https:\/\/javalambrehotel.es\/wp-content\/uploads\/2023\/05\/Page-Inner-Header-Background.png);||position: absolute;||top: 133px;||right: 0;||left: 0;||bottom: 0;||background-size: 100% 100%;||background-position: top right;||width: 100%;||background-repeat: no-repeat;||z-index:-1;\u00bb locked=\u00bboff\u00bb global_colors_info=\u00bb{}\u00bb custom_css_before_last_edited=\u00bbon|phone\u00bb custom_css_after_last_edited=\u00bbon|phone\u00bb custom_css_after_phone=\u00bbdisplay:none;\u00bb custom_css_after_tablet=\u00bbdisplay:none;\u00bb custom_css_before_tablet=\u00bbcontent:\u00bb;||position: absolute;||width: 100%;||height: 100%;||left: 0px;||top: 0;||||background: var(&#8211;color2);||opacity: 0.5;\u00bb custom_css_before_phone=\u00bbcontent:\u00bb;||position: absolute;||width: 100%;||height: 100%;||left: 0px;||top: 0;||||background: var(&#8211;color2);||opacity: 0.5;\u00bb][et_pb_row _builder_version=\u00bb4.21.0&#8243; _module_preset=\u00bbdefault\u00bb width_tablet=\u00bb\u00bb width_phone=\u00bb90%\u00bb width_last_edited=\u00bbon|phone\u00bb custom_margin=\u00bb||||false|true\u00bb custom_margin_tablet=\u00bb||||false|true\u00bb custom_margin_phone=\u00bb||||false|true\u00bb custom_margin_last_edited=\u00bbon|phone\u00bb custom_padding=\u00bb0px||0px||true|false\u00bb custom_css_main_element=\u00bbwidth:max-content;margin: 0 auto !important;\u00bb global_colors_info=\u00bb{}\u00bb width__hover_enabled=\u00bbon|desktop\u00bb][et_pb_column type=\u00bb4_4&#8243; _builder_version=\u00bb4.19.0&#8243; _module_preset=\u00bbdefault\u00bb background_color=\u00bb#FFFFFF\u00bb custom_padding=\u00bb30px|15px|20px|15px|false|true\u00bb custom_padding_tablet=\u00bb30px|15px|20px|15px|false|true\u00bb custom_padding_phone=\u00bb20px|10px|20px|10px|true|true\u00bb custom_padding_last_edited=\u00bbon|phone\u00bb custom_css_main_element=\u00bbdisplay:flex;||justify-content:center;||align-items:center;||flex-wrap:wrap;\u00bb global_colors_info=\u00bb{}\u00bb][et_pb_button button_url=\u00bb@ET-DC@eyJkeW5hbWljIjp0cnVlLCJjb250ZW50IjoiaG9tZV91cmwiLCJzZXR0aW5ncyI6e319@\u00bb url_new_window=\u00bbon\u00bb button_text=\u00bbHome \u00bb _builder_version=\u00bb4.21.0&#8243; _dynamic_attributes=\u00bbbutton_url\u00bb _module_preset=\u00bbdefault\u00bb custom_button=\u00bbon\u00bb button_text_size=\u00bb16px\u00bb button_text_color=\u00bb#212121&#8243; button_bg_color=\u00bbRGBA(255,255,255,0)\u00bb button_border_width=\u00bb0px\u00bb button_border_radius=\u00bb0px\u00bb button_font=\u00bbInter||||||||\u00bb custom_margin=\u00bb||||false|false\u00bb custom_margin_tablet=\u00bb||||false|false\u00bb custom_margin_phone=\u00bb||0px||false|false\u00bb custom_margin_last_edited=\u00bbon|phone\u00bb custom_padding=\u00bb|12px||0px|false|false\u00bb custom_css_main_element=\u00bbfont-weight: 400;\u00bb custom_css_after=\u00bbcontent:\u00bb;||width:1px;||height:20px;||background:#212121;||position:absolute;right:0;||opacity:1 !important;||top:50%;||transform:translatey(-50%);\u00bb global_colors_info=\u00bb{}\u00bb][\/et_pb_button][et_pb_button button_url=\u00bb@ET-DC@eyJkeW5hbWljIjp0cnVlLCJjb250ZW50IjoicG9zdF9saW5rX3VybCIsInNldHRpbmdzIjp7fX0=@\u00bb button_text=\u00bbRooms\u00bb _builder_version=\u00bb4.21.0&#8243; _dynamic_attributes=\u00bbbutton_url\u00bb _module_preset=\u00bbdefault\u00bb custom_button=\u00bbon\u00bb button_text_size=\u00bb16px\u00bb button_text_color=\u00bb#212121&#8243; button_bg_color=\u00bbRGBA(255,255,255,0)\u00bb button_border_width=\u00bb0px\u00bb button_border_radius=\u00bb0px\u00bb button_font=\u00bbInter||||||||\u00bb button_use_icon=\u00bboff\u00bb custom_margin_tablet=\u00bb\u00bb custom_margin_phone=\u00bb||0px||false|false\u00bb custom_margin_last_edited=\u00bbon|phone\u00bb custom_padding=\u00bb|0px||12px|false|false\u00bb custom_css_main_element=\u00bbfont-weight: 400;\u00bb global_colors_info=\u00bb{}\u00bb][\/et_pb_button][et_pb_text _builder_version=\u00bb4.21.0&#8243; _module_preset=\u00bbdefault\u00bb header_font=\u00bb|700|||||||\u00bb header_text_color=\u00bb#212121&#8243; header_font_size=\u00bb40px\u00bb header_line_height=\u00bb50px\u00bb text_orientation=\u00bbcenter\u00bb custom_margin=\u00bb||||false|false\u00bb header_font_size_tablet=\u00bb40px\u00bb header_font_size_phone=\u00bb28px\u00bb header_font_size_last_edited=\u00bbon|phone\u00bb custom_css_main_element=\u00bbwidth:100%;||\u00bb global_colors_info=\u00bb{}\u00bb]<\/p>\n<h1>Habitaciones<\/h1>\n<p>[\/et_pb_text][\/et_pb_column][\/et_pb_row][\/et_pb_section][et_pb_section fb_built=\u00bb1&#8243; _builder_version=\u00bb4.25.1&#8243; _module_preset=\u00bbdefault\u00bb custom_padding=\u00bb||30px||false|false\u00bb global_colors_info=\u00bb{}\u00bb][et_pb_row column_structure=\u00bb1_3,1_3,1_3&#8243; use_custom_gutter=\u00bbon\u00bb make_equal=\u00bbon\u00bb _builder_version=\u00bb4.25.1&#8243; _module_preset=\u00bbdefault\u00bb width=\u00bb90%\u00bb custom_padding=\u00bb0px||||false|false\u00bb global_colors_info=\u00bb{}\u00bb][et_pb_column type=\u00bb1_3&#8243; module_class=\u00bbhotel_rooms\u00bb _builder_version=\u00bb4.19.0&#8243; _module_preset=\u00bbdefault\u00bb global_colors_info=\u00bb{}\u00bb][et_pb_cta title=\u00bbCama matrimonio\u00bb button_text=\u00bbClick Here\u00bb _builder_version=\u00bb4.25.1&#8243; _module_preset=\u00bbdefault\u00bb header_font=\u00bb|700|||||||\u00bb header_text_color=\u00bb#212121&#8243; header_font_size=\u00bb24px\u00bb body_text_color=\u00bb#212121&#8243; body_line_height=\u00bb28px\u00bb body_link_font=\u00bbJost|700|||||||\u00bb body_link_text_color=\u00bb#212121&#8243; body_link_font_size=\u00bb22px\u00bb use_background_color=\u00bboff\u00bb text_orientation=\u00bbleft\u00bb custom_margin=\u00bb||30px||false|false\u00bb custom_padding=\u00bb0px|0px|0px|0px|true|true\u00bb custom_css_main_element=\u00bbfont-weight: 400;\u00bb global_colors_info=\u00bb{}\u00bb]<\/p>\n<p>Habitaci\u00f3n con cama de matrimonio para uso doble o individual<\/p>\n<p>[\/et_pb_cta][et_pb_blurb title=\u00bbHabitaci\u00f3n cama de matrimio.\u00bb url=\u00bb@ET-DC@eyJkeW5hbWljIjp0cnVlLCJjb250ZW50IjoicG9zdF9saW5rX3VybF9wYWdlIiwic2V0dGluZ3MiOnsicG9zdF9pZCI6IjE4Nzg0In19@\u00bb image=\u00bbhttps:\/\/javalambrehotel.es\/wp-content\/uploads\/2024\/06\/habitacion-matrimonio1.jpg\u00bb content_max_width=\u00bb100%\u00bb _builder_version=\u00bb4.25.1&#8243; _dynamic_attributes=\u00bburl\u00bb _module_preset=\u00bbdefault\u00bb text_orientation=\u00bbcenter\u00bb animation=\u00bboff\u00bb global_colors_info=\u00bb{}\u00bb][\/et_pb_blurb][\/et_pb_column][et_pb_column type=\u00bb1_3&#8243; module_class=\u00bbhotel_rooms\u00bb _builder_version=\u00bb4.19.0&#8243; _module_preset=\u00bbdefault\u00bb global_colors_info=\u00bb{}\u00bb][et_pb_cta title=\u00bbCamas individuales\u00bb button_text=\u00bbClick Here\u00bb _builder_version=\u00bb4.25.1&#8243; _module_preset=\u00bbdefault\u00bb header_font=\u00bb|700|||||||\u00bb header_text_color=\u00bb#212121&#8243; header_font_size=\u00bb24px\u00bb body_text_color=\u00bb#212121&#8243; body_line_height=\u00bb28px\u00bb body_link_font=\u00bbJost|700|||||||\u00bb body_link_text_color=\u00bb#212121&#8243; body_link_font_size=\u00bb22px\u00bb use_background_color=\u00bboff\u00bb text_orientation=\u00bbleft\u00bb custom_margin=\u00bb||30px||false|false\u00bb custom_padding=\u00bb0px|0px|0px|0px|true|true\u00bb custom_css_main_element=\u00bbfont-weight: 400;\u00bb global_colors_info=\u00bb{}\u00bb]<\/p>\n<p>Habitaci\u00f3n con dos camas individuales para uso doble o individual.<\/p>\n<p>[\/et_pb_cta][et_pb_blurb title=\u00bbHabitaci\u00f3n con camas individuales\u00bb url=\u00bb#\u00bb image=\u00bbhttps:\/\/javalambrehotel.es\/wp-content\/uploads\/2024\/06\/habitacion-doble1.jpg\u00bb content_max_width=\u00bb100%\u00bb _builder_version=\u00bb4.25.1&#8243; _module_preset=\u00bbdefault\u00bb text_orientation=\u00bbcenter\u00bb animation=\u00bboff\u00bb hover_enabled=\u00bb0&#8243; global_colors_info=\u00bb{}\u00bb title_text=\u00bbhabitacion-doble1&#8243; sticky_enabled=\u00bb0&#8243;][\/et_pb_blurb][\/et_pb_column][et_pb_column type=\u00bb1_3&#8243; module_class=\u00bbhotel_rooms\u00bb _builder_version=\u00bb4.19.0&#8243; _module_preset=\u00bbdefault\u00bb global_colors_info=\u00bb{}\u00bb][et_pb_cta title=\u00bbHabitaci\u00f3n adaptada\u00bb button_text=\u00bbClick Here\u00bb _builder_version=\u00bb4.25.1&#8243; _module_preset=\u00bbdefault\u00bb header_font=\u00bb|700|||||||\u00bb header_text_color=\u00bb#212121&#8243; header_font_size=\u00bb24px\u00bb body_text_color=\u00bb#212121&#8243; body_line_height=\u00bb28px\u00bb body_link_font=\u00bbJost|700|||||||\u00bb body_link_text_color=\u00bb#212121&#8243; body_link_font_size=\u00bb22px\u00bb use_background_color=\u00bboff\u00bb text_orientation=\u00bbleft\u00bb custom_margin=\u00bb||30px||false|false\u00bb custom_padding=\u00bb0px|0px|0px|0px|true|true\u00bb hover_enabled=\u00bb0&#8243; custom_css_main_element=\u00bbfont-weight: 400;\u00bb global_colors_info=\u00bb{}\u00bb sticky_enabled=\u00bb0&#8243;]<\/p>\n<p>Habitaci\u00f3n adaptada a minusvalidos con dos camas individuales para uso doble o individual<\/p>\n<p>[\/et_pb_cta][et_pb_blurb title=\u00bbHabiaci\u00f3n con camas individuales adaptada\u00bb url=\u00bb#\u00bb image=\u00bbhttps:\/\/javalambrehotel.es\/wp-content\/uploads\/2024\/06\/habitacion-adaptada.jpg\u00bb content_max_width=\u00bb100%\u00bb _builder_version=\u00bb4.25.1&#8243; _module_preset=\u00bbdefault\u00bb text_orientation=\u00bbcenter\u00bb animation=\u00bboff\u00bb hover_enabled=\u00bb0&#8243; global_colors_info=\u00bb{}\u00bb title_text=\u00bbhabitacion-adaptada\u00bb sticky_enabled=\u00bb0&#8243;][\/et_pb_blurb][\/et_pb_column][\/et_pb_row][\/et_pb_section][et_pb_section fb_built=\u00bb1&#8243; _builder_version=\u00bb4.21.0&#8243; _module_preset=\u00bbdefault\u00bb background_image=\u00bbhttps:\/\/javalambrehotel.es\/wp-content\/uploads\/2023\/05\/Hero-image.jpg\u00bb custom_css_before=\u00bbcontent:\u00bb;||width:100%;||height:100%;||background:var(&#8211;color2);||position:absolute;top:0;||  left:0;||opacity:0.9;\u00bb locked=\u00bboff\u00bb global_colors_info=\u00bb{}\u00bb][et_pb_row column_structure=\u00bb3_5,2_5&#8243; use_custom_gutter=\u00bbon\u00bb make_equal=\u00bbon\u00bb _builder_version=\u00bb4.21.0&#8243; _module_preset=\u00bbdefault\u00bb width=\u00bb90%\u00bb global_colors_info=\u00bb{}\u00bb][et_pb_column type=\u00bb3_5&#8243; _builder_version=\u00bb4.19.0&#8243; _module_preset=\u00bbdefault\u00bb global_colors_info=\u00bb{}\u00bb][et_pb_text _builder_version=\u00bb4.25.1&#8243; _module_preset=\u00bbdefault\u00bb text_text_color=\u00bb#FFFFFF\u00bb text_font_size=\u00bb20px\u00bb text_orientation=\u00bbcenter\u00bb custom_margin=\u00bb||15px||false|false\u00bb custom_padding=\u00bb|||60px|false|false\u00bb text_font_size_tablet=\u00bb20px\u00bb text_font_size_phone=\u00bb16px\u00bb text_font_size_last_edited=\u00bbon|phone\u00bb text_orientation_tablet=\u00bbcenter\u00bb text_orientation_phone=\u00bbleft\u00bb text_orientation_last_edited=\u00bbon|phone\u00bb custom_css_before=\u00bbcontent:\u00bb;||position: absolute;||width: 5px;||height: 5px;||left: 0;||top: 50%;||transform:translatey(-50%);||background: var(&#8211;color1);||border-radius: 100px;\u00bb custom_css_main_element=\u00bbfont-weight: 400;||position:relative;||width:fit-content;;\u00bb custom_css_after=\u00bbcontent:\u00bb;||position: absolute;||width: 35px;||height: 3px;||left: 10px;||top: 50%;||transform:translatey(-50%);||background: var(&#8211;color1);||border-radius: 100px;\u00bb locked=\u00bboff\u00bb global_colors_info=\u00bb{}\u00bb]<\/p>\n<p>FAQ\u2019s<\/p>\n<p>[\/et_pb_text][et_pb_text _builder_version=\u00bb4.25.1&#8243; _module_preset=\u00bbdefault\u00bb header_3_font=\u00bb|700|||||||\u00bb header_3_text_color=\u00bb#FFFFFF\u00bb header_3_font_size=\u00bb40px\u00bb header_3_line_height=\u00bb50px\u00bb custom_margin=\u00bb||10px||false|false\u00bb header_3_font_size_tablet=\u00bb40px\u00bb header_3_font_size_phone=\u00bb30px\u00bb header_3_font_size_last_edited=\u00bbon|phone\u00bb header_3_line_height_tablet=\u00bb50px\u00bb header_3_line_height_phone=\u00bb40px\u00bb header_3_line_height_last_edited=\u00bbon|phone\u00bb locked=\u00bboff\u00bb global_colors_info=\u00bb{}\u00bb]<\/p>\n<h3>Preguntas frecuentes de nuestros clientes<\/h3>\n<p>[\/et_pb_text][et_pb_text _builder_version=\u00bb4.25.1&#8243; _module_preset=\u00bbdefault\u00bb text_text_color=\u00bb#FFFFFF\u00bb text_line_height=\u00bb28px\u00bb custom_margin=\u00bb||40px||false|false\u00bb custom_css_main_element=\u00bbfont-weight: 400;\u00bb locked=\u00bboff\u00bb global_colors_info=\u00bb{}\u00bb]<\/p>\n<p>Algunas de las preguntas que m\u00e1s nos hacen nuestros clientes.\u00a0<\/p>\n<p>[\/et_pb_text][et_pb_accordion module_class=\u00bbhotel-faq\u00bb _builder_version=\u00bb4.25.1&#8243; _module_preset=\u00bbdefault\u00bb locked=\u00bboff\u00bb global_colors_info=\u00bb{}\u00bb][et_pb_accordion_item title=\u00bb\u00bfA qu\u00e9 hora es el check IN-OUT?\u00bb open=\u00bbon\u00bb _builder_version=\u00bb4.25.1&#8243; _module_preset=\u00bbdefault\u00bb global_colors_info=\u00bb{}\u00bb]<\/p>\n<p>\u00a0 El check IN-OUT esta automatizado y se puede hacer cualquier hora.<\/p>\n<p>[\/et_pb_accordion_item][\/et_pb_accordion][\/et_pb_column][et_pb_column type=\u00bb2_5&#8243; _builder_version=\u00bb4.19.0&#8243; _module_preset=\u00bbdefault\u00bb custom_padding=\u00bb100px||||false|false\u00bb global_colors_info=\u00bb{}\u00bb][et_pb_image src=\u00bbhttps:\/\/javalambrehotel.es\/wp-content\/uploads\/2023\/05\/Faq-Image.jpg\u00bb title_text=\u00bbFaq-Image\u00bb align=\u00bbcenter\u00bb _builder_version=\u00bb4.21.0&#8243; _module_preset=\u00bbdefault\u00bb border_radii=\u00bbon|5px|5px|5px|5px\u00bb global_colors_info=\u00bb{}\u00bb][\/et_pb_image][et_pb_blurb title=\u00bb\u00bfTienes alguna duda?\u00bb content_max_width=\u00bb100%\u00bb _builder_version=\u00bb4.25.1&#8243; _module_preset=\u00bbdefault\u00bb header_font=\u00bb|700|||||||\u00bb header_text_color=\u00bb#212121&#8243; header_font_size=\u00bb20px\u00bb header_line_height=\u00bb25px\u00bb body_text_color=\u00bb#212121&#8243; body_line_height=\u00bb27px\u00bb background_color=\u00bb#FFFFFF\u00bb positioning=\u00bbabsolute\u00bb position_origin_a=\u00bbbottom_center\u00bb vertical_offset=\u00bb190px\u00bb text_orientation=\u00bbcenter\u00bb width=\u00bb100%\u00bb custom_padding=\u00bb30px|20px|30px|20px|true|true\u00bb custom_css_main_element=\u00bbfont-weight: 400;||width:50% !important;\u00bb custom_css_blurb_title=\u00bbpadding-bottom:5px;\u00bb global_colors_info=\u00bb{}\u00bb custom_css_main_element_last_edited=\u00bbon|phone\u00bb custom_css_main_element_phone=\u00bbfont-weight: 400;||width:90% !important;\u00bb custom_css_main_element_tablet=\u00bbfont-weight: 400;||width:50% !important;\u00bb]<\/p>\n<p>Contact us on<\/p>\n<p>[\/et_pb_blurb][et_pb_blurb title=\u00bbTel\u00e9fono: 978 72 00 04&#8243; image=\u00bbhttps:\/\/javalambrehotel.es\/wp-content\/uploads\/2023\/05\/message-chat-square.png\u00bb _builder_version=\u00bb4.25.1&#8243; _module_preset=\u00bbdefault\u00bb header_font=\u00bbPoppins||||||||\u00bb header_text_color=\u00bb#212121&#8243; header_font_size=\u00bb16px\u00bb header_line_height=\u00bb25px\u00bb body_text_color=\u00bb#212121&#8243; body_line_height=\u00bb27px\u00bb background_color=\u00bb#FFFFFF\u00bb positioning=\u00bbabsolute\u00bb position_origin_a=\u00bbbottom_center\u00bb vertical_offset=\u00bb70px\u00bb text_orientation=\u00bbcenter\u00bb width=\u00bb100%\u00bb custom_padding=\u00bb30px|20px|30px|20px|true|true\u00bb custom_css_main_element=\u00bbfont-weight: 400;||width:50% !important;\u00bb custom_css_blurb_image=\u00bbmargin-bottom: 20px;\u00bb custom_css_blurb_title=\u00bbpadding-bottom:5px;||font-weight: 400;\u00bb custom_css_blurb_content=\u00bbfont-weight: 400;\u00bb global_colors_info=\u00bb{}\u00bb custom_css_main_element_last_edited=\u00bbon|phone\u00bb custom_css_main_element_phone=\u00bbfont-weight: 400;||width:90% !important;\u00bb custom_css_main_element_tablet=\u00bbfont-weight: 400;||width:50% !important;\u00bb]<\/p>\n<p>info@javalambrehotel.es<\/p>\n<p>[\/et_pb_blurb][\/et_pb_column][\/et_pb_row][\/et_pb_section]<\/p>\n","protected":false},"excerpt":{"rendered":"<p>HabitacionesHabitaci\u00f3n con cama de matrimonio para uso doble o individualHabitaci\u00f3n con dos camas individuales para uso doble o individual.Habitaci\u00f3n adaptada a minusvalidos con dos camas individuales para uso doble o individualFAQ\u2019sPreguntas frecuentes de nuestros clientesAlgunas de las preguntas que m\u00e1s nos hacen nuestros clientes.\u00a0\u00a0 El check IN-OUT esta automatizado y se puede hacer cualquier hora.Contact [&hellip;]<\/p>\n","protected":false},"author":1,"featured_media":0,"parent":0,"menu_order":2,"comment_status":"closed","ping_status":"closed","template":"","meta":{"_et_pb_use_builder":"on","_et_pb_old_content":"","_et_gb_content_width":"","footnotes":""},"class_list":["post-12","page","type-page","status-publish","hentry"],"_links":{"self":[{"href":"https:\/\/javalambrehotel.es\/index.php?rest_route=\/wp\/v2\/pages\/12","targetHints":{"allow":["GET"]}}],"collection":[{"href":"https:\/\/javalambrehotel.es\/index.php?rest_route=\/wp\/v2\/pages"}],"about":[{"href":"https:\/\/javalambrehotel.es\/index.php?rest_route=\/wp\/v2\/types\/page"}],"author":[{"embeddable":true,"href":"https:\/\/javalambrehotel.es\/index.php?rest_route=\/wp\/v2\/users\/1"}],"replies":[{"embeddable":true,"href":"https:\/\/javalambrehotel.es\/index.php?rest_route=%2Fwp%2Fv2%2Fcomments&post=12"}],"version-history":[{"count":13,"href":"https:\/\/javalambrehotel.es\/index.php?rest_route=\/wp\/v2\/pages\/12\/revisions"}],"predecessor-version":[{"id":19394,"href":"https:\/\/javalambrehotel.es\/index.php?rest_route=\/wp\/v2\/pages\/12\/revisions\/19394"}],"wp:attachment":[{"href":"https:\/\/javalambrehotel.es\/index.php?rest_route=%2Fwp%2Fv2%2Fmedia&parent=12"}],"curies":[{"name":"wp","href":"https:\/\/api.w.org\/{rel}","templated":true}]}}